{"id":2,"date":"2024-07-03T23:48:32","date_gmt":"2024-07-03T21:48:32","guid":{"rendered":"http:\/\/gsp.lindnerwolke.de\/?page_id=2"},"modified":"2024-07-04T09:51:18","modified_gmt":"2024-07-04T07:51:18","slug":"dominik-poss-architekten-restauratoren","status":"publish","type":"page","link":"https:\/\/gsp.lindnerwolke.de\/","title":{"rendered":"GS+P"},"content":{"rendered":"\n<h2> Dominik Poss <p style=\"color:#33CCFF\">Architekten + Restauratoren<\/p><\/h2>\n\n\n\n<figure class=\"wp-block-gallery has-nested-images columns-4 is-cropped wp-block-gallery-1 is-layout-flex wp-block-gallery-is-layout-flex\">\n<figure class=\"wp-block-image size-large\"><img loading=\"lazy\" decoding=\"async\" width=\"264\" height=\"262\" data-id=\"53\" src=\"http:\/\/gsp.lindnerwolke.de\/wp-content\/uploads\/2024\/07\/01.jpg\" alt=\"\" class=\"wp-image-53\" srcset=\"https:\/\/gsp.lindnerwolke.de\/wp-content\/uploads\/2024\/07\/01.jpg 264w, https:\/\/gsp.lindnerwolke.de\/wp-content\/uploads\/2024\/07\/01-150x150.jpg 150w\" sizes=\"auto, (max-width: 264px) 100vw, 264px\" \/><\/figure>\n\n\n\n<figure class=\"wp-block-image size-large\"><img loading=\"lazy\" decoding=\"async\" width=\"1024\" height=\"1024\" data-id=\"57\" src=\"http:\/\/gsp.lindnerwolke.de\/wp-content\/uploads\/2024\/07\/02-1024x1024.jpg\" alt=\"\" class=\"wp-image-57\" srcset=\"https:\/\/gsp.lindnerwolke.de\/wp-content\/uploads\/2024\/07\/02-1024x1024.jpg 1024w, https:\/\/gsp.lindnerwolke.de\/wp-content\/uploads\/2024\/07\/02-300x300.jpg 300w, https:\/\/gsp.lindnerwolke.de\/wp-content\/uploads\/2024\/07\/02-150x150.jpg 150w, https:\/\/gsp.lindnerwolke.de\/wp-content\/uploads\/2024\/07\/02-768x768.jpg 768w, https:\/\/gsp.lindnerwolke.de\/wp-content\/uploads\/2024\/07\/02-1536x1536.jpg 1536w, https:\/\/gsp.lindnerwolke.de\/wp-content\/uploads\/2024\/07\/02-2048x2048.jpg 2048w\" sizes=\"auto, (max-width: 1024px) 100vw, 1024px\" \/><\/figure>\n\n\n\n<figure class=\"wp-block-image size-large\"><img loading=\"lazy\" decoding=\"async\" width=\"600\" height=\"600\" data-id=\"56\" src=\"http:\/\/gsp.lindnerwolke.de\/wp-content\/uploads\/2024\/07\/03.jpg\" alt=\"\" class=\"wp-image-56\" srcset=\"https:\/\/gsp.lindnerwolke.de\/wp-content\/uploads\/2024\/07\/03.jpg 600w, https:\/\/gsp.lindnerwolke.de\/wp-content\/uploads\/2024\/07\/03-300x300.jpg 300w, https:\/\/gsp.lindnerwolke.de\/wp-content\/uploads\/2024\/07\/03-150x150.jpg 150w\" sizes=\"auto, (max-width: 600px) 100vw, 600px\" \/><\/figure>\n\n\n\n<figure class=\"wp-block-image size-large\"><img loading=\"lazy\" decoding=\"async\" width=\"600\" height=\"600\" data-id=\"55\" src=\"http:\/\/gsp.lindnerwolke.de\/wp-content\/uploads\/2024\/07\/04.jpg\" alt=\"\" class=\"wp-image-55\" srcset=\"https:\/\/gsp.lindnerwolke.de\/wp-content\/uploads\/2024\/07\/04.jpg 600w, https:\/\/gsp.lindnerwolke.de\/wp-content\/uploads\/2024\/07\/04-300x300.jpg 300w, https:\/\/gsp.lindnerwolke.de\/wp-content\/uploads\/2024\/07\/04-150x150.jpg 150w\" sizes=\"auto, (max-width: 600px) 100vw, 600px\" \/><\/figure>\n\n\n\n<figure class=\"wp-block-image size-full\"><img loading=\"lazy\" decoding=\"async\" width=\"600\" height=\"600\" data-id=\"79\" src=\"http:\/\/gsp.lindnerwolke.de\/wp-content\/uploads\/2024\/07\/05-1.jpg\" alt=\"\" class=\"wp-image-79\" srcset=\"https:\/\/gsp.lindnerwolke.de\/wp-content\/uploads\/2024\/07\/05-1.jpg 600w, https:\/\/gsp.lindnerwolke.de\/wp-content\/uploads\/2024\/07\/05-1-300x300.jpg 300w, https:\/\/gsp.lindnerwolke.de\/wp-content\/uploads\/2024\/07\/05-1-150x150.jpg 150w\" sizes=\"auto, (max-width: 600px) 100vw, 600px\" \/><\/figure>\n\n\n\n<figure class=\"wp-block-image size-full\"><img loading=\"lazy\" decoding=\"async\" width=\"600\" height=\"600\" data-id=\"78\" src=\"http:\/\/gsp.lindnerwolke.de\/wp-content\/uploads\/2024\/07\/06-1.jpg\" alt=\"\" class=\"wp-image-78\" srcset=\"https:\/\/gsp.lindnerwolke.de\/wp-content\/uploads\/2024\/07\/06-1.jpg 600w, https:\/\/gsp.lindnerwolke.de\/wp-content\/uploads\/2024\/07\/06-1-300x300.jpg 300w, https:\/\/gsp.lindnerwolke.de\/wp-content\/uploads\/2024\/07\/06-1-150x150.jpg 150w\" sizes=\"auto, (max-width: 600px) 100vw, 600px\" \/><\/figure>\n\n\n\n<figure class=\"wp-block-image size-large\"><img loading=\"lazy\" decoding=\"async\" width=\"600\" height=\"600\" data-id=\"72\" src=\"http:\/\/gsp.lindnerwolke.de\/wp-content\/uploads\/2024\/07\/07-1.jpg\" alt=\"\" class=\"wp-image-72\" srcset=\"https:\/\/gsp.lindnerwolke.de\/wp-content\/uploads\/2024\/07\/07-1.jpg 600w, https:\/\/gsp.lindnerwolke.de\/wp-content\/uploads\/2024\/07\/07-1-300x300.jpg 300w, https:\/\/gsp.lindnerwolke.de\/wp-content\/uploads\/2024\/07\/07-1-150x150.jpg 150w\" sizes=\"auto, (max-width: 600px) 100vw, 600px\" \/><\/figure>\n\n\n\n<figure class=\"wp-block-image size-large\"><img loading=\"lazy\" decoding=\"async\" width=\"1024\" height=\"1024\" data-id=\"70\" src=\"http:\/\/gsp.lindnerwolke.de\/wp-content\/uploads\/2024\/07\/08-1-1024x1024.jpg\" alt=\"\" class=\"wp-image-70\" srcset=\"https:\/\/gsp.lindnerwolke.de\/wp-content\/uploads\/2024\/07\/08-1-1024x1024.jpg 1024w, https:\/\/gsp.lindnerwolke.de\/wp-content\/uploads\/2024\/07\/08-1-300x300.jpg 300w, https:\/\/gsp.lindnerwolke.de\/wp-content\/uploads\/2024\/07\/08-1-150x150.jpg 150w, https:\/\/gsp.lindnerwolke.de\/wp-content\/uploads\/2024\/07\/08-1-768x768.jpg 768w, https:\/\/gsp.lindnerwolke.de\/wp-content\/uploads\/2024\/07\/08-1.jpg 1181w\" sizes=\"auto, (max-width: 1024px) 100vw, 1024px\" \/><\/figure>\n\n\n\n<figure class=\"wp-block-image size-large\"><img loading=\"lazy\" decoding=\"async\" width=\"993\" height=\"1024\" data-id=\"80\" src=\"http:\/\/gsp.lindnerwolke.de\/wp-content\/uploads\/2024\/07\/09-2-993x1024.jpg\" alt=\"\" class=\"wp-image-80\" srcset=\"https:\/\/gsp.lindnerwolke.de\/wp-content\/uploads\/2024\/07\/09-2-993x1024.jpg 993w, https:\/\/gsp.lindnerwolke.de\/wp-content\/uploads\/2024\/07\/09-2-291x300.jpg 291w, https:\/\/gsp.lindnerwolke.de\/wp-content\/uploads\/2024\/07\/09-2-768x792.jpg 768w, https:\/\/gsp.lindnerwolke.de\/wp-content\/uploads\/2024\/07\/09-2-1490x1536.jpg 1490w, https:\/\/gsp.lindnerwolke.de\/wp-content\/uploads\/2024\/07\/09-2.jpg 1862w\" sizes=\"auto, (max-width: 993px) 100vw, 993px\" \/><\/figure>\n\n\n\n<figure class=\"wp-block-image size-large\"><img loading=\"lazy\" decoding=\"async\" width=\"1024\" height=\"1024\" data-id=\"81\" src=\"http:\/\/gsp.lindnerwolke.de\/wp-content\/uploads\/2024\/07\/10-2-1024x1024.jpg\" alt=\"\" class=\"wp-image-81\" srcset=\"https:\/\/gsp.lindnerwolke.de\/wp-content\/uploads\/2024\/07\/10-2-1024x1024.jpg 1024w, https:\/\/gsp.lindnerwolke.de\/wp-content\/uploads\/2024\/07\/10-2-300x300.jpg 300w, https:\/\/gsp.lindnerwolke.de\/wp-content\/uploads\/2024\/07\/10-2-150x150.jpg 150w, https:\/\/gsp.lindnerwolke.de\/wp-content\/uploads\/2024\/07\/10-2-768x768.jpg 768w, https:\/\/gsp.lindnerwolke.de\/wp-content\/uploads\/2024\/07\/10-2-1536x1536.jpg 1536w, https:\/\/gsp.lindnerwolke.de\/wp-content\/uploads\/2024\/07\/10-2.jpg 1800w\" sizes=\"auto, (max-width: 1024px) 100vw, 1024px\" \/><\/figure>\n\n\n\n<figure class=\"wp-block-image size-large\"><img loading=\"lazy\" decoding=\"async\" width=\"600\" height=\"600\" data-id=\"73\" src=\"http:\/\/gsp.lindnerwolke.de\/wp-content\/uploads\/2024\/07\/11-2.jpg\" alt=\"\" class=\"wp-image-73\" srcset=\"https:\/\/gsp.lindnerwolke.de\/wp-content\/uploads\/2024\/07\/11-2.jpg 600w, https:\/\/gsp.lindnerwolke.de\/wp-content\/uploads\/2024\/07\/11-2-300x300.jpg 300w, https:\/\/gsp.lindnerwolke.de\/wp-content\/uploads\/2024\/07\/11-2-150x150.jpg 150w\" sizes=\"auto, (max-width: 600px) 100vw, 600px\" \/><\/figure>\n\n\n\n<figure class=\"wp-block-image size-large\"><img loading=\"lazy\" decoding=\"async\" width=\"566\" height=\"566\" data-id=\"68\" src=\"http:\/\/gsp.lindnerwolke.de\/wp-content\/uploads\/2024\/07\/12-1.jpg\" alt=\"\" class=\"wp-image-68\" srcset=\"https:\/\/gsp.lindnerwolke.de\/wp-content\/uploads\/2024\/07\/12-1.jpg 566w, https:\/\/gsp.lindnerwolke.de\/wp-content\/uploads\/2024\/07\/12-1-300x300.jpg 300w, https:\/\/gsp.lindnerwolke.de\/wp-content\/uploads\/2024\/07\/12-1-150x150.jpg 150w\" sizes=\"auto, (max-width: 566px) 100vw, 566px\" \/><\/figure>\n\n\n\n<figure class=\"wp-block-image size-large\"><img loading=\"lazy\" decoding=\"async\" width=\"599\" height=\"601\" data-id=\"74\" src=\"http:\/\/gsp.lindnerwolke.de\/wp-content\/uploads\/2024\/07\/13-1.jpg\" alt=\"\" class=\"wp-image-74\" srcset=\"https:\/\/gsp.lindnerwolke.de\/wp-content\/uploads\/2024\/07\/13-1.jpg 599w, https:\/\/gsp.lindnerwolke.de\/wp-content\/uploads\/2024\/07\/13-1-300x300.jpg 300w, https:\/\/gsp.lindnerwolke.de\/wp-content\/uploads\/2024\/07\/13-1-150x150.jpg 150w\" sizes=\"auto, (max-width: 599px) 100vw, 599px\" \/><\/figure>\n\n\n\n<figure class=\"wp-block-image size-large\"><img loading=\"lazy\" decoding=\"async\" width=\"400\" height=\"400\" data-id=\"75\" src=\"http:\/\/gsp.lindnerwolke.de\/wp-content\/uploads\/2024\/07\/14-1.jpg\" alt=\"\" class=\"wp-image-75\" srcset=\"https:\/\/gsp.lindnerwolke.de\/wp-content\/uploads\/2024\/07\/14-1.jpg 400w, https:\/\/gsp.lindnerwolke.de\/wp-content\/uploads\/2024\/07\/14-1-300x300.jpg 300w, https:\/\/gsp.lindnerwolke.de\/wp-content\/uploads\/2024\/07\/14-1-150x150.jpg 150w\" sizes=\"auto, (max-width: 400px) 100vw, 400px\" \/><\/figure>\n\n\n\n<figure class=\"wp-block-image size-large\"><img loading=\"lazy\" decoding=\"async\" width=\"600\" height=\"600\" data-id=\"76\" src=\"http:\/\/gsp.lindnerwolke.de\/wp-content\/uploads\/2024\/07\/15-1.jpg\" alt=\"\" class=\"wp-image-76\" srcset=\"https:\/\/gsp.lindnerwolke.de\/wp-content\/uploads\/2024\/07\/15-1.jpg 600w, https:\/\/gsp.lindnerwolke.de\/wp-content\/uploads\/2024\/07\/15-1-300x300.jpg 300w, https:\/\/gsp.lindnerwolke.de\/wp-content\/uploads\/2024\/07\/15-1-150x150.jpg 150w\" sizes=\"auto, (max-width: 600px) 100vw, 600px\" \/><\/figure>\n\n\n\n<figure class=\"wp-block-image size-large\"><img loading=\"lazy\" decoding=\"async\" width=\"600\" height=\"600\" data-id=\"82\" src=\"http:\/\/gsp.lindnerwolke.de\/wp-content\/uploads\/2024\/07\/16-2.jpg\" alt=\"\" class=\"wp-image-82\" srcset=\"https:\/\/gsp.lindnerwolke.de\/wp-content\/uploads\/2024\/07\/16-2.jpg 600w, https:\/\/gsp.lindnerwolke.de\/wp-content\/uploads\/2024\/07\/16-2-300x300.jpg 300w, https:\/\/gsp.lindnerwolke.de\/wp-content\/uploads\/2024\/07\/16-2-150x150.jpg 150w\" sizes=\"auto, (max-width: 600px) 100vw, 600px\" \/><\/figure>\n<\/figure>\n\n\n\n<h3 class=\"wp-block-heading\">Anschrift<\/h3>\n\n\n\n<div class=\"wp-block-columns is-layout-flex wp-container-core-columns-is-layout-9d6595d7 wp-block-columns-is-layout-flex\">\n<div class=\"wp-block-column is-layout-flow wp-block-column-is-layout-flow\">\n<p>Zeughausgasse 4<br>88400 Biberach<br>T. (07351) 3417-0<br>F. (07351) 3417-50<\/p>\n<\/div>\n\n\n\n<div class=\"wp-block-column is-layout-flow wp-block-column-is-layout-flow\">\n<p>Email:&nbsp;&nbsp;&nbsp; &nbsp;dominik.poss (at) gsp-team.de<br>Internet:&nbsp;&nbsp;http:\/\/www.gsp-team.de<\/p>\n<\/div>\n<\/div>\n\n\n\n<h3 class=\"wp-block-heading\">B\u00fcro<\/h3>\n\n\n\n<p><strong>1975 <\/strong>B\u00fcrogr\u00fcndung durch G\u00fcnter Schmitt<br><strong>2005 <\/strong>Partnerschaft zwischen G\u00fcnter Schmitt und Dominik Poss<br><strong>2007 <\/strong>Weiterf\u00fchrung durch Dominik Poss<\/p>\n\n\n\n<h3 class=\"wp-block-heading\">Schwerpunkte<\/h3>\n\n\n\n<div class=\"wp-block-columns is-layout-flex wp-container-core-columns-is-layout-9d6595d7 wp-block-columns-is-layout-flex\">\n<div class=\"wp-block-column is-layout-flow wp-block-column-is-layout-flow\">\n<p><strong>Hochbau<\/strong><\/p>\n\n\n\n<ul class=\"wp-block-list\">\n<li>Sanierung \/ Altbau<\/li>\n\n\n\n<li>Denkmalschutz<\/li>\n\n\n\n<li>Kirchliche Bauten<\/li>\n\n\n\n<li>\u00d6ffentliche Bauten<\/li>\n\n\n\n<li>Wohnungsbau<\/li>\n<\/ul>\n<\/div>\n\n\n\n<div class=\"wp-block-column is-layout-flow wp-block-column-is-layout-flow\">\n<p><strong>Gr\u00fcnplanung<\/strong><\/p>\n\n\n\n<ul class=\"wp-block-list\">\n<li>Freianlagen<\/li>\n\n\n\n<li>Dorfentwicklung<\/li>\n\n\n\n<li>Parkgestaltung<\/li>\n<\/ul>\n<\/div>\n<\/div>\n\n\n\n<h3 class=\"wp-block-heading\"><strong>Ideologie<\/strong><\/h3>\n\n\n\n<p>Hoher Anspruch an eine klare, im Kontext stehende Architektur<\/p>\n\n\n\n<p>Qualtit\u00e4tssicherung in der Ausf\u00fchrung: d.h. Planung und Betreuung aus einer Hand<\/p>\n\n\n\n<h3 class=\"wp-block-heading\">Wichtige Bauten<\/h3>\n\n\n\n<div class=\"wp-block-group\"><div class=\"wp-block-group__inner-container is-layout-constrained wp-block-group-is-layout-constrained\">\n<div class=\"wp-block-group\"><div class=\"wp-block-group__inner-container is-layout-constrained wp-block-group-is-layout-constrained\">\n<figure class=\"wp-block-table is-style-regular\"><table><tbody><tr><td>Ev.- Luth. Pfarrkirche in Leipheim<br>Restaurierung und Neugestaltung von Chor + Schiff&nbsp;<\/td><td style=\"width:150px\">2017 &#8211; 2021<\/td><\/tr><tr><td>Wohnbebauung Tunnelweg 2-14 in Biberach<br>(preisg\u00fcnstiges und energiebewusstes Bauen)<\/td><td>2016 &#8211; 2018<\/td><\/tr><tr><td>Kath. Wallfahrtskirche Sie\u00dfen im Wald<br>Restaurierung Dach mit Hausschwammsanierung&nbsp;&nbsp;&nbsp;&nbsp; &nbsp;&nbsp;&nbsp; &nbsp;<br>Restaurierung Turm<br>Neugestaltung der Sakristei<br>Restaurierung und Neugestaltung von Chor + Schiff<\/td><td>2004 &#8211; 2018<\/td><\/tr><tr><td>Kath. Pfarrkirche St. Cyriak in Ulm- Eggingn<br>Restaurierung der Fassaden mit Turm<br>Neugestaltung der Sakristei<br>Restaurierung und Neugestaltung von Chor + Schiff &nbsp;<\/td><td>2010 &#8211; 2013<\/td><\/tr><tr><td>Sanierung und Umbau Bahnhof Langenau<\/td><td>2010 &#8211; 2011<\/td><\/tr><tr><td>Erweiterung Kinderhaus St. Nikolaus in Biberach<\/td><td>2011<\/td><\/tr><tr><td>Energetische Sanierung und Umbau<br>einer drei-feldrigen Sporthalle in Biberach.<\/td><td>2009<\/td><\/tr><tr><td>Kreissparkasse in Bad Schussenried<\/td><td>2007 &#8211; 2008<\/td><\/tr><tr><td>Ackergasse 6 Schw\u00e4bisch Gm\u00fcnd<\/td><td>2005 &#8211; 2006<\/td><\/tr><tr><td>Krippenmuseum Kloster Bonlanden<\/td><td>2004 &#8211; 2005<\/td><\/tr><\/tbody><\/table><\/figure>\n<\/div><\/div>\n<\/div><\/div>\n","protected":false},"excerpt":{"rendered":"<p>Dominik Poss Architekten + Restauratoren Anschrift Zeughausgasse 488400 BiberachT. (07351) 3417-0F. (07351) 3417-50 Email:&nbsp;&nbsp;&nbsp; &nbsp;dominik.poss (at) gsp-team.deInternet:&nbsp;&nbsp;http:\/\/www.gsp-team.de B\u00fcro 1975 B\u00fcrogr\u00fcndung durch G\u00fcnter Schmitt2005 Partnerschaft zwischen G\u00fcnter Schmitt und Dominik Poss2007 Weiterf\u00fchrung durch Dominik Poss Schwerpunkte Hochbau Gr\u00fcnplanung Ideologie Hoher Anspruch an eine klare, im Kontext stehende Architektur Qualtit\u00e4tssicherung in der Ausf\u00fchrung: d.h. Planung und Betreuung &hellip; <a href=\"https:\/\/gsp.lindnerwolke.de\/\" class=\"more-link\"><span class=\"screen-reader-text\">GS+P<\/span> weiterlesen<\/a><\/p>\n","protected":false},"author":1,"featured_media":0,"parent":0,"menu_order":0,"comment_status":"closed","ping_status":"closed","template":"","meta":{"footnotes":""},"class_list":["post-2","page","type-page","status-publish","hentry"],"_links":{"self":[{"href":"https:\/\/gsp.lindnerwolke.de\/index.php?rest_route=\/wp\/v2\/pages\/2","targetHints":{"allow":["GET"]}}],"collection":[{"href":"https:\/\/gsp.lindnerwolke.de\/index.php?rest_route=\/wp\/v2\/pages"}],"about":[{"href":"https:\/\/gsp.lindnerwolke.de\/index.php?rest_route=\/wp\/v2\/types\/page"}],"author":[{"embeddable":true,"href":"https:\/\/gsp.lindnerwolke.de\/index.php?rest_route=\/wp\/v2\/users\/1"}],"replies":[{"embeddable":true,"href":"https:\/\/gsp.lindnerwolke.de\/index.php?rest_route=%2Fwp%2Fv2%2Fcomments&post=2"}],"version-history":[{"count":16,"href":"https:\/\/gsp.lindnerwolke.de\/index.php?rest_route=\/wp\/v2\/pages\/2\/revisions"}],"predecessor-version":[{"id":90,"href":"https:\/\/gsp.lindnerwolke.de\/index.php?rest_route=\/wp\/v2\/pages\/2\/revisions\/90"}],"wp:attachment":[{"href":"https:\/\/gsp.lindnerwolke.de\/index.php?rest_route=%2Fwp%2Fv2%2Fmedia&parent=2"}],"curies":[{"name":"wp","href":"https:\/\/api.w.org\/{rel}","templated":true}]}}